{"id":2,"date":"2016-05-10T03:48:21","date_gmt":"2016-05-10T03:48:21","guid":{"rendered":"https:\/\/www.zum-aschd.de\/?page_id=2"},"modified":"2025-11-07T10:56:30","modified_gmt":"2025-11-07T10:56:30","slug":"kommende-veranstaltungen","status":"publish","type":"page","link":"https:\/\/www.zum-aschd.de\/","title":{"rendered":"Willkommen in der Gastst\u00e4tte Bistro zum Ast"},"content":{"rendered":"\n<p><\/p>\n\n\n\n<p><strong>Unsere \u00d6ffnungszeiten<\/strong><\/p>\n\n\n\n<ul class=\"wp-block-list\">\n<li>Wir sind f\u00fcr Sie da t\u00e4glich in der Kern\u00f6ffnungszeit von 10 Uhr bis 22 Uhr<\/li>\n\n\n\n<li>Am Wochenende gibt es live Fussball\u00fcbertragungen auf 2 Bildschirmen<\/li>\n\n\n\n<li>Sie finden uns im Industriegebiet Mietersheim gegen\u00fcber Firma Mosolf Special Vehicles <\/li>\n<\/ul>\n\n\n\n<p><\/p>\n","protected":false},"excerpt":{"rendered":"<p>Unsere \u00d6ffnungszeiten<\/p>\n","protected":false},"author":1,"featured_media":0,"parent":0,"menu_order":0,"comment_status":"closed","ping_status":"closed","template":"","meta":{"footnotes":""},"class_list":["post-2","page","type-page","status-publish","hentry"],"_links":{"self":[{"href":"https:\/\/www.zum-aschd.de\/index.php?rest_route=\/wp\/v2\/pages\/2","targetHints":{"allow":["GET"]}}],"collection":[{"href":"https:\/\/www.zum-aschd.de\/index.php?rest_route=\/wp\/v2\/pages"}],"about":[{"href":"https:\/\/www.zum-aschd.de\/index.php?rest_route=\/wp\/v2\/types\/page"}],"author":[{"embeddable":true,"href":"https:\/\/www.zum-aschd.de\/index.php?rest_route=\/wp\/v2\/users\/1"}],"replies":[{"embeddable":true,"href":"https:\/\/www.zum-aschd.de\/index.php?rest_route=%2Fwp%2Fv2%2Fcomments&post=2"}],"version-history":[{"count":8,"href":"https:\/\/www.zum-aschd.de\/index.php?rest_route=\/wp\/v2\/pages\/2\/revisions"}],"predecessor-version":[{"id":83,"href":"https:\/\/www.zum-aschd.de\/index.php?rest_route=\/wp\/v2\/pages\/2\/revisions\/83"}],"wp:attachment":[{"href":"https:\/\/www.zum-aschd.de\/index.php?rest_route=%2Fwp%2Fv2%2Fmedia&parent=2"}],"curies":[{"name":"wp","href":"https:\/\/api.w.org\/{rel}","templated":true}]}}